{"id":3311,"date":"2018-03-12T12:03:35","date_gmt":"2018-03-12T11:03:35","guid":{"rendered":"http:\/\/www.wanderfreunde-triebeltal.de\/?page_id=3311"},"modified":"2026-03-30T21:13:35","modified_gmt":"2026-03-30T19:13:35","slug":"news","status":"publish","type":"page","link":"https:\/\/www.wanderfreunde-triebeltal.de\/index.php\/news\/","title":{"rendered":"News"},"content":{"rendered":"<p>[et_pb_section bb_built=&#8220;1&#8243; fullwidth=&#8220;on&#8220; _builder_version=&#8220;3.0.92&#8243;][et_pb_fullwidth_header title=&#8220;Neuigkeiten aus dem Verein&#8220; background_layout=&#8220;dark&#8220; text_orientation=&#8220;center&#8220; _builder_version=&#8220;3.0.92&#8243; title_font=&#8220;|on|||&#8220; title_font_size=&#8220;26px&#8220; background_image=&#8220;https:\/\/www.wanderfreunde-triebeltal.de\/wp-content\/uploads\/2017\/11\/DSC06026.jpg&#8220; background_repeat=&#8220;repeat&#8220;]<\/p>\n<p>&nbsp;<\/p>\n<p>[\/et_pb_fullwidth_header][\/et_pb_section][et_pb_section bb_built=&#8220;1&#8243; admin_label=&#8220;section&#8220; _builder_version=&#8220;3.0.47&#8243;][et_pb_row admin_label=&#8220;row&#8220; _builder_version=&#8220;3.0.47&#8243; background_size=&#8220;initial&#8220; background_position=&#8220;top_left&#8220; background_repeat=&#8220;repeat&#8220;][et_pb_column type=&#8220;1_2&#8243;][et_pb_text _builder_version=&#8220;3.0.92&#8243; use_border_color=&#8220;off&#8220; background_layout=&#8220;light&#8220;]<\/p>\n<h3>Hier erfahrt ihr immer die Neuigkeiten von den Wanderfreunden Triebeltal<\/h3>\n<p>Seid also gespannt &#8230;<\/p>\n<p>[\/et_pb_text][et_pb_text _builder_version=&#8220;3.0.92&#8243; background_layout=&#8220;light&#8220;]<\/p>\n<h3><span style=\"color: #000000;\">Jahresmitgliederversammlung mit Vorstandswahl am 28.02.2026&nbsp;<br \/>\n<\/span><br \/>\n<span style=\"color: #000000;\">in Posseck Hagerscheune<\/span><\/h3>\n<p>&nbsp;<\/p>\n<p><a href=\"https:\/\/www.wanderfreunde-triebeltal.de\/wp-content\/uploads\/2026\/03\/3-scaled.jpeg\"><img loading=\"lazy\" decoding=\"async\" class=\" wp-image-10288\" src=\"https:\/\/www.wanderfreunde-triebeltal.de\/wp-content\/uploads\/2026\/03\/3-300x212.jpeg\" alt=\"\" width=\"399\" height=\"282\" srcset=\"https:\/\/www.wanderfreunde-triebeltal.de\/wp-content\/uploads\/2026\/03\/3-300x212.jpeg 300w, https:\/\/www.wanderfreunde-triebeltal.de\/wp-content\/uploads\/2026\/03\/3-1024x724.jpeg 1024w, https:\/\/www.wanderfreunde-triebeltal.de\/wp-content\/uploads\/2026\/03\/3-768x543.jpeg 768w, https:\/\/www.wanderfreunde-triebeltal.de\/wp-content\/uploads\/2026\/03\/3-1536x1086.jpeg 1536w, https:\/\/www.wanderfreunde-triebeltal.de\/wp-content\/uploads\/2026\/03\/3-2048x1448.jpeg 2048w, https:\/\/www.wanderfreunde-triebeltal.de\/wp-content\/uploads\/2026\/03\/3-400x284.jpeg 400w, https:\/\/www.wanderfreunde-triebeltal.de\/wp-content\/uploads\/2026\/03\/3-1080x764.jpeg 1080w\" sizes=\"auto, (max-width: 399px) 100vw, 399px\" \/><\/a><\/p>\n<p>&nbsp;<\/p>\n<p>&nbsp;<\/p>\n<p><a href=\"https:\/\/www.wanderfreunde-triebeltal.de\/wp-content\/uploads\/2026\/03\/1-2.jpg\"><img loading=\"lazy\" decoding=\"async\" class=\"alignnone wp-image-10286\" src=\"https:\/\/www.wanderfreunde-triebeltal.de\/wp-content\/uploads\/2026\/03\/1-2-225x300.jpg\" alt=\"\" width=\"403\" height=\"537\" srcset=\"https:\/\/www.wanderfreunde-triebeltal.de\/wp-content\/uploads\/2026\/03\/1-2-225x300.jpg 225w, https:\/\/www.wanderfreunde-triebeltal.de\/wp-content\/uploads\/2026\/03\/1-2-768x1024.jpg 768w, https:\/\/www.wanderfreunde-triebeltal.de\/wp-content\/uploads\/2026\/03\/1-2.jpg 794w\" sizes=\"auto, (max-width: 403px) 100vw, 403px\" \/><\/a><\/p>\n<p>&nbsp;<\/p>\n<p>&nbsp;<\/p>\n<p><a href=\"https:\/\/www.wanderfreunde-triebeltal.de\/wp-content\/uploads\/2026\/03\/2-2.jpg\"><img loading=\"lazy\" decoding=\"async\" class=\"alignnone wp-image-10287\" src=\"https:\/\/www.wanderfreunde-triebeltal.de\/wp-content\/uploads\/2026\/03\/2-2-225x300.jpg\" alt=\"\" width=\"403\" height=\"537\" srcset=\"https:\/\/www.wanderfreunde-triebeltal.de\/wp-content\/uploads\/2026\/03\/2-2-225x300.jpg 225w, https:\/\/www.wanderfreunde-triebeltal.de\/wp-content\/uploads\/2026\/03\/2-2-768x1024.jpg 768w, https:\/\/www.wanderfreunde-triebeltal.de\/wp-content\/uploads\/2026\/03\/2-2.jpg 794w\" sizes=\"auto, (max-width: 403px) 100vw, 403px\" \/><\/a><\/p>\n<p>[\/et_pb_text][\/et_pb_column][et_pb_column type=&#8220;1_2&#8243;][et_pb_divider height=&#8220;50&#8243; disabled_on=&#8220;on|on|off&#8220; _builder_version=&#8220;3.0.92&#8243; hide_on_mobile=&#8220;on&#8220;]<\/p>\n<p>&nbsp;<\/p>\n<p>[\/et_pb_divider][et_pb_text _builder_version=&#8220;3.0.92&#8243; background_layout=&#8220;light&#8220;]<\/p>\n<p>&nbsp;<\/p>\n<p>&nbsp;<\/p>\n<p><img loading=\"lazy\" decoding=\"async\" class=\"alignnone  wp-image-10292\" src=\"https:\/\/www.wanderfreunde-triebeltal.de\/wp-content\/uploads\/2026\/03\/IMG-20260325-WA0003-300x297.jpg\" alt=\"\" width=\"257\" height=\"254\" srcset=\"https:\/\/www.wanderfreunde-triebeltal.de\/wp-content\/uploads\/2026\/03\/IMG-20260325-WA0003-300x297.jpg 300w, https:\/\/www.wanderfreunde-triebeltal.de\/wp-content\/uploads\/2026\/03\/IMG-20260325-WA0003-1024x1014.jpg 1024w, https:\/\/www.wanderfreunde-triebeltal.de\/wp-content\/uploads\/2026\/03\/IMG-20260325-WA0003-768x760.jpg 768w, https:\/\/www.wanderfreunde-triebeltal.de\/wp-content\/uploads\/2026\/03\/IMG-20260325-WA0003-1080x1069.jpg 1080w, https:\/\/www.wanderfreunde-triebeltal.de\/wp-content\/uploads\/2026\/03\/IMG-20260325-WA0003.jpg 1430w\" sizes=\"auto, (max-width: 257px) 100vw, 257px\" \/><\/p>\n<p>&nbsp;<\/p>\n<h3><span style=\"color: #000000;\">Am 25.03.2026 wurde die Mitgliederversammlung des VGWV e.V. mit Wahl des Pr\u00e4sidiums und der Kassenpr\u00fcfer in Reichenbach, OT Fiesen durchgef\u00fchrt.<\/span><br \/>\n<span style=\"color: #000000;\">Die Pr\u00e4sidentin, Kathrin Hager, bedankte sich bei den ausscheidenden Pr\u00e4sidiumsmitgliedern f\u00fcr ihre geleistete Arbeit.<\/span><\/h3>\n<p>&nbsp;<\/p>\n<p><a href=\"https:\/\/www.wanderfreunde-triebeltal.de\/wp-content\/uploads\/2026\/03\/IMG-20260325-WA0008.jpg\"><img loading=\"lazy\" decoding=\"async\" class=\"alignnone  wp-image-10293\" src=\"https:\/\/www.wanderfreunde-triebeltal.de\/wp-content\/uploads\/2026\/03\/IMG-20260325-WA0008-158x300.jpg\" alt=\"\" width=\"315\" height=\"599\" srcset=\"https:\/\/www.wanderfreunde-triebeltal.de\/wp-content\/uploads\/2026\/03\/IMG-20260325-WA0008-158x300.jpg 158w, https:\/\/www.wanderfreunde-triebeltal.de\/wp-content\/uploads\/2026\/03\/IMG-20260325-WA0008-538x1024.jpg 538w, https:\/\/www.wanderfreunde-triebeltal.de\/wp-content\/uploads\/2026\/03\/IMG-20260325-WA0008-768x1462.jpg 768w, https:\/\/www.wanderfreunde-triebeltal.de\/wp-content\/uploads\/2026\/03\/IMG-20260325-WA0008-807x1536.jpg 807w, https:\/\/www.wanderfreunde-triebeltal.de\/wp-content\/uploads\/2026\/03\/IMG-20260325-WA0008.jpg 1076w\" sizes=\"auto, (max-width: 315px) 100vw, 315px\" \/><\/a><\/p>\n<p>&nbsp;<\/p>\n<p>&nbsp;<\/p>\n<p><a href=\"https:\/\/www.wanderfreunde-triebeltal.de\/wp-content\/uploads\/2026\/03\/Screenshot_Verabschiedung-mit-Text.jpg\"><img loading=\"lazy\" decoding=\"async\" class=\"alignnone  wp-image-10290\" src=\"https:\/\/www.wanderfreunde-triebeltal.de\/wp-content\/uploads\/2026\/03\/Screenshot_Verabschiedung-mit-Text-289x300.jpg\" alt=\"\" width=\"328\" height=\"340\" srcset=\"https:\/\/www.wanderfreunde-triebeltal.de\/wp-content\/uploads\/2026\/03\/Screenshot_Verabschiedung-mit-Text-289x300.jpg 289w, https:\/\/www.wanderfreunde-triebeltal.de\/wp-content\/uploads\/2026\/03\/Screenshot_Verabschiedung-mit-Text.jpg 750w\" sizes=\"auto, (max-width: 328px) 100vw, 328px\" \/><\/a><\/p>\n<p>[\/et_pb_text][\/et_pb_column][\/et_pb_row][\/et_pb_section]<\/p>\n","protected":false},"excerpt":{"rendered":"<p>[et_pb_section bb_built=&#8220;1&#8243; fullwidth=&#8220;on&#8220; _builder_version=&#8220;3.0.92&#8243;][et_pb_fullwidth_header title=&#8220;Neuigkeiten aus dem Verein&#8220; background_layout=&#8220;dark&#8220; text_orientation=&#8220;center&#8220; _builder_version=&#8220;3.0.92&#8243; title_font=&#8220;|on|||&#8220; title_font_size=&#8220;26px&#8220; background_image=&#8220;https:\/\/www.wanderfreunde-triebeltal.de\/wp-content\/uploads\/2017\/11\/DSC06026.jpg&#8220; background_repeat=&#8220;repeat&#8220;] &nbsp; [\/et_pb_fullwidth_header][\/et_pb_section][et_pb_section bb_built=&#8220;1&#8243; admin_label=&#8220;section&#8220; _builder_version=&#8220;3.0.47&#8243;][et_pb_row admin_label=&#8220;row&#8220; _builder_version=&#8220;3.0.47&#8243; background_size=&#8220;initial&#8220; background_position=&#8220;top_left&#8220; background_repeat=&#8220;repeat&#8220;][et_pb_column type=&#8220;1_2&#8243;][et_pb_text _builder_version=&#8220;3.0.92&#8243; use_border_color=&#8220;off&#8220; background_layout=&#8220;light&#8220;] Hier erfahrt ihr immer die Neuigkeiten von den Wanderfreunden Triebeltal Seid also gespannt &#8230; [\/et_pb_text][et_pb_text _builder_version=&#8220;3.0.92&#8243; background_layout=&#8220;light&#8220;] Jahresmitgliederversammlung mit Vorstandswahl am 28.02.2026&nbsp; in Posseck Hagerscheune &nbsp; [&hellip;]<\/p>\n","protected":false},"author":1,"featured_media":0,"parent":0,"menu_order":0,"comment_status":"closed","ping_status":"closed","template":"","meta":{"ngg_post_thumbnail":0,"footnotes":""},"class_list":["post-3311","page","type-page","status-publish","hentry"],"_links":{"self":[{"href":"https:\/\/www.wanderfreunde-triebeltal.de\/index.php\/wp-json\/wp\/v2\/pages\/3311","targetHints":{"allow":["GET"]}}],"collection":[{"href":"https:\/\/www.wanderfreunde-triebeltal.de\/index.php\/wp-json\/wp\/v2\/pages"}],"about":[{"href":"https:\/\/www.wanderfreunde-triebeltal.de\/index.php\/wp-json\/wp\/v2\/types\/page"}],"author":[{"embeddable":true,"href":"https:\/\/www.wanderfreunde-triebeltal.de\/index.php\/wp-json\/wp\/v2\/users\/1"}],"replies":[{"embeddable":true,"href":"https:\/\/www.wanderfreunde-triebeltal.de\/index.php\/wp-json\/wp\/v2\/comments?post=3311"}],"version-history":[{"count":148,"href":"https:\/\/www.wanderfreunde-triebeltal.de\/index.php\/wp-json\/wp\/v2\/pages\/3311\/revisions"}],"predecessor-version":[{"id":9317,"href":"https:\/\/www.wanderfreunde-triebeltal.de\/index.php\/wp-json\/wp\/v2\/pages\/3311\/revisions\/9317"}],"wp:attachment":[{"href":"https:\/\/www.wanderfreunde-triebeltal.de\/index.php\/wp-json\/wp\/v2\/media?parent=3311"}],"curies":[{"name":"wp","href":"https:\/\/api.w.org\/{rel}","templated":true}]}}