{"id":249,"date":"2016-05-03T18:31:33","date_gmt":"2016-05-03T16:31:33","guid":{"rendered":"http:\/\/www.wanderfreunde-triebeltal.de\/?page_id=249"},"modified":"2024-07-11T01:56:19","modified_gmt":"2024-07-10T23:56:19","slug":"ueber-uns","status":"publish","type":"page","link":"https:\/\/www.wanderfreunde-triebeltal.de\/index.php\/ueber-uns\/","title":{"rendered":"\u00dcber uns"},"content":{"rendered":"<p>[et_pb_section bb_built=&#8220;1&#8243; fullwidth=&#8220;on&#8220; specialty=&#8220;off&#8220;][et_pb_fullwidth_header title=&#8220;Die Wanderfreunde aus dem Triebeltal&#8220; background_layout=&#8220;dark&#8220; text_orientation=&#8220;center&#8220; header_fullscreen=&#8220;off&#8220; header_scroll_down=&#8220;off&#8220; background_url=&#8220;https:\/\/www.wanderfreunde-triebeltal.de\/wp-content\/uploads\/2016\/05\/triebel_bg.jpg&#8220; parallax=&#8220;off&#8220; parallax_method=&#8220;off&#8220; content_orientation=&#8220;center&#8220; image_orientation=&#8220;center&#8220; custom_button_one=&#8220;off&#8220; button_one_letter_spacing=&#8220;0&#8243; button_one_use_icon=&#8220;default&#8220; button_one_icon_placement=&#8220;right&#8220; button_one_on_hover=&#8220;on&#8220; button_one_letter_spacing_hover=&#8220;0&#8243; custom_button_two=&#8220;off&#8220; button_two_letter_spacing=&#8220;0&#8243; button_two_use_icon=&#8220;default&#8220; button_two_icon_placement=&#8220;right&#8220; button_two_on_hover=&#8220;on&#8220; button_two_letter_spacing_hover=&#8220;0&#8243; title_font=&#8220;|on|||&#8220; title_font_size=&#8220;26px&#8220; background_image=&#8220;https:\/\/www.wanderfreunde-triebeltal.de\/wp-content\/uploads\/2016\/05\/triebel_bg.jpg&#8220;]<\/p>\n<p>&nbsp;<\/p>\n<p>[\/et_pb_fullwidth_header][\/et_pb_section][et_pb_section bb_built=&#8220;1&#8243; admin_label=&#8220;section&#8220;][et_pb_row admin_label=&#8220;row&#8220; background_position=&#8220;top_left&#8220; background_repeat=&#8220;repeat&#8220; background_size=&#8220;initial&#8220;][et_pb_column type=&#8220;1_2&#8243;][et_pb_text background_layout=&#8220;light&#8220; text_orientation=&#8220;left&#8220; use_border_color=&#8220;off&#8220; border_color=&#8220;#ffffff&#8220; border_style=&#8220;solid&#8220; background_position=&#8220;top_left&#8220; background_repeat=&#8220;repeat&#8220; background_size=&#8220;initial&#8220;]<\/p>\n<h3>Wanderfreunde Triebeltal e.V.<\/h3>\n<p>Der Verein f\u00fchrt f\u00fcr seine&nbsp; Mitglieder aus dem gesamten Vogtland j\u00e4hrlich ca. 25 Wanderungen durch. Die Vielfalt unserer Wanderungen erstreckt sich \u00fcber Tages-,&nbsp; Halbtags-, Morgen-, Nacht-, Ski-, Natur-, Kinder- und Seniorenwanderungen bis hin zu mehrt\u00e4gigen Wanderfahrten und mehrt\u00e4gige Sportwanderungen. Das Wandergebiet erstreckt sich vorrangig auf das Vogtland.<\/p>\n<p>Bei vielen Wanderungen sind auch Nichtvereinsmitglieder gern gesehene G\u00e4ste.<\/p>\n<p>Wesentlicher Bestandteil unserer Vereinsarbeit sind die Organisation&nbsp; und Durchf\u00fchrung der weit \u00fcber die Grenzen des Vogtlandes bekannten und traditionsreichen Triebeltalwanderung \u201eRindimmedim im Triebel rim\u201c<\/p>\n<p>Jederzeit freuen wir uns \u00fcber neue Mitglieder und Spenden f\u00fcr unseren Verein.<\/p>\n<p>[\/et_pb_text][et_pb_text _builder_version=&#8220;3.0.92&#8243; background_layout=&#8220;light&#8220;]<\/p>\n<h3>&nbsp;<\/h3>\n<h3>&nbsp;<\/h3>\n<h3>Satzung f\u00fcr Wanderfreunde Triebeltal e.V.<br \/>\n(Amtsgericht Chemnitz v. 24.11.2017)<\/h3>\n<p>&nbsp;<\/p>\n<h4><span style=\"color: #ff9900;\"><a style=\"color: #ff9900;\" href=\"https:\/\/www.wanderfreunde-triebeltal.de\/wp-content\/uploads\/2020\/01\/Satzung-2017.pdf\">Satzung 2017<\/a><\/span><\/h4>\n<p>[\/et_pb_text][et_pb_text _builder_version=&#8220;3.0.92&#8243; background_layout=&#8220;light&#8220;]<\/p>\n<p>&nbsp;<\/p>\n<p><strong>40 Jahre Wandern in Triebel<\/strong><\/p>\n<p>Der Wanderverein \u201eWanderfreunde Triebeltal\u201c e.V. feierte 2019 sein 40-j\u00e4hriges Bestehen.<br \/>\nNachdem 1978 einige aktive Sportler eine Wandergruppe aufbauten, gr\u00fcndete sich durch die Initiative von Harti Schmidt, dem damaligen Vorsitzenden der BSG Empor Triebel und Wanderenthusiast, am 25. Januar 1979 die selbst\u00e4ndige Sektion Wandern und Touristik innerhalb der BSG Empor Triebel. Den damaligen Wanderfreunden, unter ihnen Karl Bahmann und Manfred Zimmer, ging es um das liebevolle Kennenlernen unserer vogtl\u00e4ndischen Heimat mit ihren landschaftlichen Reizen und kulturellen Denkm\u00e4lern. Erster Vorsitzender war Sigmund Schanz. Weitere Vorsitzenden waren ab 1981 Ralf Frank und ab 1986 Manfred Zimmer.<br \/>\nSehr schnell fassten die engagierten Wanderer den Beschluss, auch eine Wanderung zu organisieren, um vielen Wanderern die Sch\u00f6nheiten des Triebeltales zu erschlie\u00dfen.1981 fand die erste Triebeltalwanderung statt. Mit zuerst nur 116 Teilnehmern etablierte sich diese Wanderung mit \u00fcber 1000 Teilnehmern im Jahr 1989 zu einer der beliebtesten Wanderungen im Vogtland.<br \/>\nRund 150 Wanderungen wurden von der Sektion bis zur Gr\u00fcndung des Vereines 1990 organisiert und teilweise akribisch dokumentiert. Auch Sportwanderungen \u00fcber l\u00e4ngere Strecken waren Bestandteil des Wandergeschehens.<br \/>\nAm 26. Oktober 1990 gr\u00fcndete sich der Verein \u201eWanderfreunde Triebeltal\u201c auf Beschluss der Mitgliedervollversammlung. Vorsitzender wurde, wie konnte es anders sein, Harti Schmidt. Die blieb er auch bis zu seinem Ausscheiden aus gesundheitlichen Gr\u00fcnden im Jahr 1995. Durch unseren Vereinsvorsitzenden Reimund Riedel wurde ein sehr interessantes Wanderleben im Verein organisiert, wobei er sich der Tradition der vogtl\u00e4ndischen Kultur in Form des Hutzohmdes verpflichtet f\u00fchlte.<br \/>\nEs etablierten sich unter seiner Regie auch eine Rad- und Skigruppe im Verein. Mit teilweise \u00fcber 100 Mitgliedern aus nah und fern bekam der Verein, bedingt auch durch das Fallen von Grenzen, sozusagen \u00fcberregionalen Charakter. Leider verstarb Reimund im Jahr 2005 viel zu fr\u00fch.<br \/>\nGemeinschaftlich setzte der Vorstand unter Leitung von Rainer Ittner diese anspruchsvolle Arbeit kontinuierlich fort. So wurde der Verein bis heute das was er ist, eine zu verl\u00e4ssliche St\u00fctze des vogtl\u00e4ndischen Gebirgs- und Wanderverbandes und ein Mittelpunkt des Wanderns im Vogtland.<br \/>\nDie Festveranstaltung am 26.Oktober dieses Jahres soll der vorl\u00e4ufige H\u00f6hepunkt unseres gemeinsamen 40-j\u00e4hrigen Wanderweges f\u00fcr unsere 83 Mitglieder werden.<\/p>\n<p>R.I.<\/p>\n<p>[\/et_pb_text][et_pb_text _builder_version=&#8220;3.0.92&#8243; background_layout=&#8220;light&#8220;]<\/p>\n<p>&nbsp;<\/p>\n<p>&nbsp;<\/p>\n<p><span style=\"color: #000000;\"><strong>Gr\u00fcndungsdokument:<\/strong><\/span><\/p>\n<p>&nbsp;<\/p>\n<p>Auszug Nr. 1<\/p>\n<p><img loading=\"lazy\" decoding=\"async\" class=\"alignnone wp-image-3847\" src=\"https:\/\/www.wanderfreunde-triebeltal.de\/wp-content\/uploads\/2019\/02\/Gr\u00fcndung1-300x298.jpg\" alt=\"\" width=\"554\" height=\"550\" srcset=\"https:\/\/www.wanderfreunde-triebeltal.de\/wp-content\/uploads\/2019\/02\/Gr\u00fcndung1-300x298.jpg 300w, https:\/\/www.wanderfreunde-triebeltal.de\/wp-content\/uploads\/2019\/02\/Gr\u00fcndung1-150x150.jpg 150w, https:\/\/www.wanderfreunde-triebeltal.de\/wp-content\/uploads\/2019\/02\/Gr\u00fcndung1.jpg 754w\" sizes=\"auto, (max-width: 554px) 100vw, 554px\" \/><\/p>\n<p>&nbsp;<\/p>\n<p>Auszug Nr. 2<\/p>\n<p><img loading=\"lazy\" decoding=\"async\" class=\"alignnone wp-image-3848\" src=\"https:\/\/www.wanderfreunde-triebeltal.de\/wp-content\/uploads\/2019\/02\/Gr\u00fcndung2-300x236.jpg\" alt=\"\" width=\"542\" height=\"426\" srcset=\"https:\/\/www.wanderfreunde-triebeltal.de\/wp-content\/uploads\/2019\/02\/Gr\u00fcndung2-300x236.jpg 300w, https:\/\/www.wanderfreunde-triebeltal.de\/wp-content\/uploads\/2019\/02\/Gr\u00fcndung2.jpg 410w\" sizes=\"auto, (max-width: 542px) 100vw, 542px\" \/><\/p>\n<p>&nbsp;<\/p>\n<p>Auszug Nr. 3<\/p>\n<p><img loading=\"lazy\" decoding=\"async\" class=\"alignnone wp-image-3849\" src=\"https:\/\/www.wanderfreunde-triebeltal.de\/wp-content\/uploads\/2019\/02\/Gr\u00fcndung3-300x173.jpg\" alt=\"\" width=\"547\" height=\"316\" srcset=\"https:\/\/www.wanderfreunde-triebeltal.de\/wp-content\/uploads\/2019\/02\/Gr\u00fcndung3-300x173.jpg 300w, https:\/\/www.wanderfreunde-triebeltal.de\/wp-content\/uploads\/2019\/02\/Gr\u00fcndung3-768x443.jpg 768w, https:\/\/www.wanderfreunde-triebeltal.de\/wp-content\/uploads\/2019\/02\/Gr\u00fcndung3-1024x591.jpg 1024w, https:\/\/www.wanderfreunde-triebeltal.de\/wp-content\/uploads\/2019\/02\/Gr\u00fcndung3-1080x623.jpg 1080w, https:\/\/www.wanderfreunde-triebeltal.de\/wp-content\/uploads\/2019\/02\/Gr\u00fcndung3.jpg 1147w\" sizes=\"auto, (max-width: 547px) 100vw, 547px\" \/><\/p>\n<p>&nbsp;<\/p>\n<p>Gr\u00fcndungsdokument Originalansicht<\/p>\n<p><a href=\"https:\/\/www.wanderfreunde-triebeltal.de\/wp-content\/uploads\/2019\/02\/Gr\u00fcndungsdokument-Protokollbuch-BSG.pdf\">Gr\u00fcndungsdokument Protokollbuch BSG<\/a><\/p>\n<p>[\/et_pb_text][\/et_pb_column][et_pb_column type=&#8220;1_2&#8243;][et_pb_image src=&#8220;https:\/\/www.wanderfreunde-triebeltal.de\/wp-content\/uploads\/2016\/05\/2012-1.jpg&#8220; alt=&#8220;Die Triebeltalwanderung ist sehr beliebt&#8220; title_text=&#8220;Triebeltalwanderung&#8220; show_in_lightbox=&#8220;off&#8220; url_new_window=&#8220;off&#8220; use_overlay=&#8220;off&#8220; animation=&#8220;fade_in&#8220; sticky=&#8220;on&#8220; align=&#8220;left&#8220; force_fullwidth=&#8220;off&#8220; always_center_on_mobile=&#8220;on&#8220; use_border_color=&#8220;off&#8220; border_color=&#8220;#ffffff&#8220; border_style=&#8220;solid&#8220; animation_style=&#8220;fade&#8220; animation_duration=&#8220;500ms&#8220; animation_intensity_slide=&#8220;10%&#8220; animation_direction=&#8220;center&#8220; show_bottom_space=&#8220;off&#8220;]<\/p>\n<p>&nbsp;<\/p>\n<p>[\/et_pb_image][et_pb_divider height=&#8220;50&#8243; disabled_on=&#8220;on|on|off&#8220; _builder_version=&#8220;3.0.92&#8243;]<\/p>\n<p>&nbsp;<\/p>\n<p>[\/et_pb_divider][et_pb_divider color=&#8220;#ffffff&#8220; show_divider=&#8220;off&#8220; height=&#8220;50&#8243; divider_style=&#8220;solid&#8220; divider_position=&#8220;top&#8220; hide_on_mobile=&#8220;on&#8220; disabled_on=&#8220;on|on|off&#8220;]<\/p>\n<p>&nbsp;<\/p>\n<p>[\/et_pb_divider][et_pb_text _builder_version=&#8220;3.0.92&#8243; background_layout=&#8220;light&#8220;]<\/p>\n<p>&nbsp;<\/p>\n<p><span style=\"color: #0000ff;\"><strong>40. Vereinsjubil\u00e4um<br \/>\nam 26.10.2019<br \/>\n<\/strong><\/span><\/p>\n<div>&nbsp;<\/div>\n<div>Die Triebler Wanderfreunde feiern ihren 40. Geburtstag<br \/>\nAm 26. Oktober fand die offizielle Festveranstaltung zum 40-j\u00e4hrigen Bestehens des Wandervereines Wanderfreunde Triebeltal e. V. statt. Im herrlich geschm\u00fccktem Triebler Kultursaal trafen sich die Wanderfreunde des Vereines mit noch r\u00fcstigen Wanderveteranen und zahlreichen G\u00e4sten, u.a. dem Pr\u00e4sidenten des S\u00e4chsischen Wander- und Bergsportverbandes Felix Pechmann, der Pr\u00e4sidentin des vogtl\u00e4ndischen Gebirgs-und Wanderverbandes Kathrin Hager, der B\u00fcrgermeisterin Ilona Gro\u00df und Vertretern des Kreissportbundes und der \u00f6rtlichen befreundeten Vereine. Auch Wanderfreunde&nbsp; der befreundeten Vereine aus Schwarzenbach und Blankenberg konnten begr\u00fc\u00dft werden. Der Vorsitzende des Vereines Rainer Ittner erinnerte in seiner Festrede an den zur\u00fcckgelegten 40-j\u00e4hrigen Weg von der Gr\u00fcndung der Sektion Wandern und Touristik der BSG Empor Triebel am 26. 1.1979 \u00fcber die&nbsp; Gr\u00fcndung des Vereines Wanderfreunde Triebeltal am 2.10.1990 bis zum heutigen Tag. Unser Wanderurgestein Harti Schmidt, Vorsitzender von 1990 bis 1995 brachte im wahrsten Sinn des Wortes die Triebler zum Laufen. Der Verein ist \u00fcberregional dadurch bekannt geworden, weil er die Triebeltalwanderung mit dem unverwechselbaren Titel: \u201eRindimmedim im Triebel rim\u201c seit nunmehr 39 Jahren organisierte. In guter Erinnerung vieler Wanderer aus nah und fern blieben die Hutzenohmde am Vorabend dieser Wanderung. Die Verbindung von Wandern und Musik ist auch bis heute ein unverwechselbares Merkmal und Tradition im Verein.<br \/>\n&nbsp;\u201eEs war sch\u00f6n\u2026 ,aber hinterm Horizont geht`s weiter\u201c so formulierte es der Vereinsvorsitzende treffend auch im Hinblick auf den im n\u00e4chsten Jahr bevorstehenden H\u00f6hepunkt &#8211;&nbsp; der 40. Triebeltalwanderung.<\/div>\n<div>&nbsp;<\/div>\n<div>&nbsp;<\/div>\n<div><a href=\"https:\/\/www.wanderfreunde-triebeltal.de\/wp-content\/uploads\/2019\/11\/191026_40-Jahr-Feier-TTW_KH-Triebel-181.jpg\"><img loading=\"lazy\" decoding=\"async\" class=\"alignnone size-medium wp-image-4470\" src=\"https:\/\/www.wanderfreunde-triebeltal.de\/wp-content\/uploads\/2019\/11\/191026_40-Jahr-Feier-TTW_KH-Triebel-181-300x217.jpg\" alt=\"\" width=\"300\" height=\"217\" srcset=\"https:\/\/www.wanderfreunde-triebeltal.de\/wp-content\/uploads\/2019\/11\/191026_40-Jahr-Feier-TTW_KH-Triebel-181-300x217.jpg 300w, https:\/\/www.wanderfreunde-triebeltal.de\/wp-content\/uploads\/2019\/11\/191026_40-Jahr-Feier-TTW_KH-Triebel-181-768x555.jpg 768w, https:\/\/www.wanderfreunde-triebeltal.de\/wp-content\/uploads\/2019\/11\/191026_40-Jahr-Feier-TTW_KH-Triebel-181-1024x741.jpg 1024w, https:\/\/www.wanderfreunde-triebeltal.de\/wp-content\/uploads\/2019\/11\/191026_40-Jahr-Feier-TTW_KH-Triebel-181-1080x781.jpg 1080w\" sizes=\"auto, (max-width: 300px) 100vw, 300px\" \/><\/a><\/div>\n<div>Moderiert wurde der Abend von Kathrin Jacob in ihrer freundlichen Art, die auch durch Anz\u00fcnden einer Kerze an die vielen verstorbenen Wanderfreunde erinnerte.&nbsp;&nbsp;&nbsp;&nbsp;&nbsp;&nbsp;&nbsp;&nbsp;&nbsp;&nbsp;&nbsp;&nbsp;&nbsp;&nbsp;&nbsp;&nbsp;&nbsp;&nbsp;&nbsp;&nbsp;&nbsp;&nbsp;&nbsp;&nbsp;&nbsp;&nbsp;&nbsp;&nbsp;&nbsp;&nbsp;&nbsp;&nbsp;&nbsp;&nbsp;&nbsp;&nbsp;&nbsp;&nbsp;&nbsp;&nbsp;&nbsp;&nbsp;&nbsp;&nbsp;&nbsp;&nbsp;&nbsp;&nbsp;&nbsp;&nbsp;&nbsp;&nbsp;&nbsp;&nbsp;&nbsp;&nbsp;&nbsp;&nbsp;&nbsp;&nbsp;&nbsp;&nbsp;&nbsp;&nbsp;&nbsp;&nbsp;&nbsp;&nbsp;&nbsp;&nbsp;&nbsp;&nbsp;&nbsp;&nbsp;&nbsp;&nbsp;&nbsp;&nbsp;&nbsp;&nbsp;&nbsp;<\/div>\n<div>Danke f\u00fcr die vielen \u00fcberbrachten Gl\u00fcckw\u00fcnsche und Geschenke, die der Verein erhielt.<\/div>\n<div>&nbsp;<\/div>\n<div><a href=\"https:\/\/www.wanderfreunde-triebeltal.de\/wp-content\/uploads\/2019\/11\/191026_40-Jahr-Feier-TTW_KH-Triebel-65.jpg\"><img loading=\"lazy\" decoding=\"async\" class=\"alignnone size-medium wp-image-4465\" src=\"https:\/\/www.wanderfreunde-triebeltal.de\/wp-content\/uploads\/2019\/11\/191026_40-Jahr-Feier-TTW_KH-Triebel-65-300x217.jpg\" alt=\"\" width=\"300\" height=\"217\" srcset=\"https:\/\/www.wanderfreunde-triebeltal.de\/wp-content\/uploads\/2019\/11\/191026_40-Jahr-Feier-TTW_KH-Triebel-65-300x217.jpg 300w, https:\/\/www.wanderfreunde-triebeltal.de\/wp-content\/uploads\/2019\/11\/191026_40-Jahr-Feier-TTW_KH-Triebel-65-768x555.jpg 768w, https:\/\/www.wanderfreunde-triebeltal.de\/wp-content\/uploads\/2019\/11\/191026_40-Jahr-Feier-TTW_KH-Triebel-65-1024x740.jpg 1024w, https:\/\/www.wanderfreunde-triebeltal.de\/wp-content\/uploads\/2019\/11\/191026_40-Jahr-Feier-TTW_KH-Triebel-65-1080x780.jpg 1080w\" sizes=\"auto, (max-width: 300px) 100vw, 300px\" \/><\/a><\/div>\n<div>Ausgezeichnet wurden:&nbsp; Haidrun Schlegel und Rainer Ittner mit der Verdienstmedaille des Landesssportbundes Sachsen in Gold;<\/div>\n<div>&nbsp;<\/div>\n<div>&nbsp;<\/div>\n<div>&nbsp;<\/div>\n<div><a href=\"https:\/\/www.wanderfreunde-triebeltal.de\/wp-content\/uploads\/2019\/11\/191026_40-Jahr-Feier-TTW_KH-Triebel-75.jpg\"><img loading=\"lazy\" decoding=\"async\" class=\"alignnone size-medium wp-image-4466\" src=\"https:\/\/www.wanderfreunde-triebeltal.de\/wp-content\/uploads\/2019\/11\/191026_40-Jahr-Feier-TTW_KH-Triebel-75-300x216.jpg\" alt=\"\" width=\"300\" height=\"216\" srcset=\"https:\/\/www.wanderfreunde-triebeltal.de\/wp-content\/uploads\/2019\/11\/191026_40-Jahr-Feier-TTW_KH-Triebel-75-300x216.jpg 300w, https:\/\/www.wanderfreunde-triebeltal.de\/wp-content\/uploads\/2019\/11\/191026_40-Jahr-Feier-TTW_KH-Triebel-75-768x554.jpg 768w, https:\/\/www.wanderfreunde-triebeltal.de\/wp-content\/uploads\/2019\/11\/191026_40-Jahr-Feier-TTW_KH-Triebel-75-1024x739.jpg 1024w, https:\/\/www.wanderfreunde-triebeltal.de\/wp-content\/uploads\/2019\/11\/191026_40-Jahr-Feier-TTW_KH-Triebel-75-1080x779.jpg 1080w\" sizes=\"auto, (max-width: 300px) 100vw, 300px\" \/><\/a><\/div>\n<div>&nbsp;<\/div>\n<div>Frieder Heinz, Michael Hendel und Hartwig Keil mit der Verdienstmedaille in Bronze sowie weitere Wanderfreunde wurden f\u00fcr ihre verdienstvolle Arbeit im Verein geehrt.<\/div>\n<div>In der anschlie\u00dfenden, von Frank B\u00f6rngen erarbeiteten,&nbsp; Videopr\u00e4sentation \u201e 40 Jahre&nbsp; Wandermomente Rindimmedim im Triebel rim\u201c wurden bei vielen Wanderern Erinnerungen an die vielen sch\u00f6nen Erlebnisse beim Wandern im Verein&nbsp; wieder wach. In der 60-seitigen Festschrift, die jeder freudig in den H\u00e4nden hielt, kann jeder die Geschichte des Vereines zu Hause nachlesen.<\/div>\n<div>&nbsp;<\/div>\n<div><a href=\"https:\/\/www.wanderfreunde-triebeltal.de\/wp-content\/uploads\/2019\/11\/191026_40-Jahr-Feier-TTW_KH-Triebel-91.jpg\"><img loading=\"lazy\" decoding=\"async\" class=\"alignnone size-medium wp-image-4467\" src=\"https:\/\/www.wanderfreunde-triebeltal.de\/wp-content\/uploads\/2019\/11\/191026_40-Jahr-Feier-TTW_KH-Triebel-91-300x169.jpg\" alt=\"\" width=\"300\" height=\"169\" srcset=\"https:\/\/www.wanderfreunde-triebeltal.de\/wp-content\/uploads\/2019\/11\/191026_40-Jahr-Feier-TTW_KH-Triebel-91-300x169.jpg 300w, https:\/\/www.wanderfreunde-triebeltal.de\/wp-content\/uploads\/2019\/11\/191026_40-Jahr-Feier-TTW_KH-Triebel-91-768x432.jpg 768w, https:\/\/www.wanderfreunde-triebeltal.de\/wp-content\/uploads\/2019\/11\/191026_40-Jahr-Feier-TTW_KH-Triebel-91-1024x576.jpg 1024w, https:\/\/www.wanderfreunde-triebeltal.de\/wp-content\/uploads\/2019\/11\/191026_40-Jahr-Feier-TTW_KH-Triebel-91-1080x608.jpg 1080w\" sizes=\"auto, (max-width: 300px) 100vw, 300px\" \/><\/a><\/div>\n<div>Ein H\u00f6hepunkt war zweifellos das Auftreten des neugegr\u00fcndeten Triebler Wanderchores. Mit dem von Jens Weck getexteten und komponierten \u201eTriebler Wanderlied\u201c begeisterten sie das Publikum.<br \/>\nNach einem Festessen und dem anschlie\u00dfenden gem\u00fctlichen Beisammensein spielten die Suohler Boum auf.<\/div>\n<div>&nbsp;<\/div>\n<div><a href=\"https:\/\/www.wanderfreunde-triebeltal.de\/wp-content\/uploads\/2019\/11\/191026_40-Jahr-Feier-TTW_KH-Triebel-136.jpg\"><img loading=\"lazy\" decoding=\"async\" class=\"alignnone size-medium wp-image-4468\" src=\"https:\/\/www.wanderfreunde-triebeltal.de\/wp-content\/uploads\/2019\/11\/191026_40-Jahr-Feier-TTW_KH-Triebel-136-225x300.jpg\" alt=\"\" width=\"225\" height=\"300\" srcset=\"https:\/\/www.wanderfreunde-triebeltal.de\/wp-content\/uploads\/2019\/11\/191026_40-Jahr-Feier-TTW_KH-Triebel-136-225x300.jpg 225w, https:\/\/www.wanderfreunde-triebeltal.de\/wp-content\/uploads\/2019\/11\/191026_40-Jahr-Feier-TTW_KH-Triebel-136-768x1025.jpg 768w, https:\/\/www.wanderfreunde-triebeltal.de\/wp-content\/uploads\/2019\/11\/191026_40-Jahr-Feier-TTW_KH-Triebel-136-767x1024.jpg 767w, https:\/\/www.wanderfreunde-triebeltal.de\/wp-content\/uploads\/2019\/11\/191026_40-Jahr-Feier-TTW_KH-Triebel-136-1080x1442.jpg 1080w, https:\/\/www.wanderfreunde-triebeltal.de\/wp-content\/uploads\/2019\/11\/191026_40-Jahr-Feier-TTW_KH-Triebel-136.jpg 1438w\" sizes=\"auto, (max-width: 225px) 100vw, 225px\" \/><\/a><\/div>\n<div>&nbsp;<\/div>\n<div>Ingrid Ebert wurde, f\u00fcr sie etwas \u00fcberraschend, mit dem \u201egro\u00dfen gr\u00fcnen Notenschl\u00fcssel\u201c &nbsp; ausgezeichnet.<\/div>\n<div>&nbsp;<\/div>\n<div><a href=\"https:\/\/www.wanderfreunde-triebeltal.de\/wp-content\/uploads\/2019\/11\/191026_40-Jahr-Feier-TTW_KH-Triebel-155.jpg\"><img loading=\"lazy\" decoding=\"async\" class=\"alignnone size-medium wp-image-4469\" src=\"https:\/\/www.wanderfreunde-triebeltal.de\/wp-content\/uploads\/2019\/11\/191026_40-Jahr-Feier-TTW_KH-Triebel-155-300x217.jpg\" alt=\"\" width=\"300\" height=\"217\" srcset=\"https:\/\/www.wanderfreunde-triebeltal.de\/wp-content\/uploads\/2019\/11\/191026_40-Jahr-Feier-TTW_KH-Triebel-155-300x217.jpg 300w, https:\/\/www.wanderfreunde-triebeltal.de\/wp-content\/uploads\/2019\/11\/191026_40-Jahr-Feier-TTW_KH-Triebel-155-768x555.jpg 768w, https:\/\/www.wanderfreunde-triebeltal.de\/wp-content\/uploads\/2019\/11\/191026_40-Jahr-Feier-TTW_KH-Triebel-155-1024x740.jpg 1024w, https:\/\/www.wanderfreunde-triebeltal.de\/wp-content\/uploads\/2019\/11\/191026_40-Jahr-Feier-TTW_KH-Triebel-155-1080x781.jpg 1080w, https:\/\/www.wanderfreunde-triebeltal.de\/wp-content\/uploads\/2019\/11\/191026_40-Jahr-Feier-TTW_KH-Triebel-155.jpg 1707w\" sizes=\"auto, (max-width: 300px) 100vw, 300px\" \/><\/a><\/div>\n<div>&nbsp;<\/div>\n<div>So&nbsp; ging ein stimmungsvoller und rundherum gelungener&nbsp; Abend zu Ende.<\/div>\n<div>R.I.<\/div>\n<p>&nbsp;<\/p>\n<p>&nbsp;<\/p>\n<p>&nbsp;<\/p>\n<p>&nbsp;<\/p>\n<p>&nbsp;<\/p>\n<div>&nbsp;<\/div>\n<div>&nbsp;<\/div>\n<p>[\/et_pb_text][\/et_pb_column][\/et_pb_row][\/et_pb_section]<\/p>\n","protected":false},"excerpt":{"rendered":"<p>[et_pb_section bb_built=&#8220;1&#8243; fullwidth=&#8220;on&#8220; specialty=&#8220;off&#8220;][et_pb_fullwidth_header title=&#8220;Die Wanderfreunde aus dem Triebeltal&#8220; background_layout=&#8220;dark&#8220; text_orientation=&#8220;center&#8220; header_fullscreen=&#8220;off&#8220; header_scroll_down=&#8220;off&#8220; background_url=&#8220;https:\/\/www.wanderfreunde-triebeltal.de\/wp-content\/uploads\/2016\/05\/triebel_bg.jpg&#8220; parallax=&#8220;off&#8220; parallax_method=&#8220;off&#8220; content_orientation=&#8220;center&#8220; image_orientation=&#8220;center&#8220; custom_button_one=&#8220;off&#8220; button_one_letter_spacing=&#8220;0&#8243; button_one_use_icon=&#8220;default&#8220; button_one_icon_placement=&#8220;right&#8220; button_one_on_hover=&#8220;on&#8220; button_one_letter_spacing_hover=&#8220;0&#8243; custom_button_two=&#8220;off&#8220; button_two_letter_spacing=&#8220;0&#8243; button_two_use_icon=&#8220;default&#8220; button_two_icon_placement=&#8220;right&#8220; button_two_on_hover=&#8220;on&#8220; button_two_letter_spacing_hover=&#8220;0&#8243; title_font=&#8220;|on|||&#8220; title_font_size=&#8220;26px&#8220; background_image=&#8220;https:\/\/www.wanderfreunde-triebeltal.de\/wp-content\/uploads\/2016\/05\/triebel_bg.jpg&#8220;] &nbsp; [\/et_pb_fullwidth_header][\/et_pb_section][et_pb_section bb_built=&#8220;1&#8243; admin_label=&#8220;section&#8220;][et_pb_row admin_label=&#8220;row&#8220; background_position=&#8220;top_left&#8220; background_repeat=&#8220;repeat&#8220; background_size=&#8220;initial&#8220;][et_pb_column type=&#8220;1_2&#8243;][et_pb_text background_layout=&#8220;light&#8220; text_orientation=&#8220;left&#8220; use_border_color=&#8220;off&#8220; border_color=&#8220;#ffffff&#8220; border_style=&#8220;solid&#8220; background_position=&#8220;top_left&#8220; background_repeat=&#8220;repeat&#8220; background_size=&#8220;initial&#8220;] Wanderfreunde Triebeltal e.V. Der Verein [&hellip;]<\/p>\n","protected":false},"author":1,"featured_media":0,"parent":0,"menu_order":0,"comment_status":"closed","ping_status":"closed","template":"","meta":{"ngg_post_thumbnail":0,"footnotes":""},"class_list":["post-249","page","type-page","status-publish","hentry"],"_links":{"self":[{"href":"https:\/\/www.wanderfreunde-triebeltal.de\/index.php\/wp-json\/wp\/v2\/pages\/249","targetHints":{"allow":["GET"]}}],"collection":[{"href":"https:\/\/www.wanderfreunde-triebeltal.de\/index.php\/wp-json\/wp\/v2\/pages"}],"about":[{"href":"https:\/\/www.wanderfreunde-triebeltal.de\/index.php\/wp-json\/wp\/v2\/types\/page"}],"author":[{"embeddable":true,"href":"https:\/\/www.wanderfreunde-triebeltal.de\/index.php\/wp-json\/wp\/v2\/users\/1"}],"replies":[{"embeddable":true,"href":"https:\/\/www.wanderfreunde-triebeltal.de\/index.php\/wp-json\/wp\/v2\/comments?post=249"}],"version-history":[{"count":37,"href":"https:\/\/www.wanderfreunde-triebeltal.de\/index.php\/wp-json\/wp\/v2\/pages\/249\/revisions"}],"predecessor-version":[{"id":8266,"href":"https:\/\/www.wanderfreunde-triebeltal.de\/index.php\/wp-json\/wp\/v2\/pages\/249\/revisions\/8266"}],"wp:attachment":[{"href":"https:\/\/www.wanderfreunde-triebeltal.de\/index.php\/wp-json\/wp\/v2\/media?parent=249"}],"curies":[{"name":"wp","href":"https:\/\/api.w.org\/{rel}","templated":true}]}}